{"id":776,"date":"2024-08-05T04:34:49","date_gmt":"2024-08-05T04:34:49","guid":{"rendered":"http:\/\/192.168.1.111\/projects\/products\/themes\/novaride\/wordpress\/?page_id=776"},"modified":"2025-04-24T13:34:12","modified_gmt":"2025-04-24T13:34:12","slug":"chi-siamo","status":"publish","type":"page","link":"https:\/\/nowcarsrent.it\/en\/chi-siamo\/","title":{"rendered":"Chi siamo"},"content":{"rendered":"<div data-elementor-type=\"wp-page\" data-elementor-id=\"776\" class=\"elementor elementor-776\" data-elementor-post-type=\"page\">\n\t\t\t\t<div class=\"elementor-element elementor-element-6ccd1dc e-con-full e-flex e-con e-parent\" data-id=\"6ccd1dc\" data-element_type=\"container\" data-e-type=\"container\" data-settings=\"{&quot;background_background&quot;:&quot;classic&quot;}\">\n\t\t<div class=\"elementor-element elementor-element-529a6c8 bg-section e-con-full e-flex e-con e-child\" data-id=\"529a6c8\" data-element_type=\"container\" data-e-type=\"container\" data-settings=\"{&quot;background_background&quot;:&quot;classic&quot;}\">\n\t\t<div class=\"elementor-element elementor-element-668c74b e-con-full e-flex e-con e-child\" data-id=\"668c74b\" data-element_type=\"container\" data-e-type=\"container\">\n\t\t\t\t<div class=\"elementor-element elementor-element-9e68957 at-heading-animation at-animation-heading-style-3 elementor-widget elementor-widget-heading\" data-id=\"9e68957\" data-element_type=\"widget\" data-e-type=\"widget\" data-settings=\"{&quot;ekit_we_effect_on&quot;:&quot;none&quot;}\" data-widget_type=\"heading.default\">\n\t\t\t\t<div class=\"elementor-widget-container\">\n\t\t\t\t\t<h1 class=\"elementor-heading-title elementor-size-default\">About Us<\/h1>\t\t\t\t<\/div>\n\t\t\t\t<\/div>\n\t\t\t\t<\/div>\n\t\t\t\t<\/div>\n\t\t\t\t<\/div>\n\t\t<div class=\"elementor-element elementor-element-4c9be07 e-con-full e-flex e-con e-parent\" data-id=\"4c9be07\" data-element_type=\"container\" data-e-type=\"container\">\n\t\t<div class=\"elementor-element elementor-element-0d8628f bg-section e-flex e-con-boxed e-con e-child\" data-id=\"0d8628f\" data-element_type=\"container\" data-e-type=\"container\" data-settings=\"{&quot;background_background&quot;:&quot;classic&quot;}\">\n\t\t\t\t\t<div class=\"e-con-inner\">\n\t\t<div class=\"elementor-element elementor-element-9048a00 e-con-full e-flex e-con e-child\" data-id=\"9048a00\" data-element_type=\"container\" data-e-type=\"container\">\n\t\t<div class=\"elementor-element elementor-element-8f9629e e-con-full e-flex e-con e-child\" data-id=\"8f9629e\" data-element_type=\"container\" data-e-type=\"container\">\n\t\t\t\t<div class=\"elementor-element elementor-element-609358b at-image-animation at-animation-image-none elementor-widget elementor-widget-image\" data-id=\"609358b\" data-element_type=\"widget\" data-e-type=\"widget\" data-settings=\"{&quot;ekit_we_effect_on&quot;:&quot;none&quot;}\" data-widget_type=\"image.default\">\n\t\t\t\t<div class=\"elementor-widget-container\">\n\t\t\t\t\t\t\t\t\t\t\t\t\t\t\t<img fetchpriority=\"high\" decoding=\"async\" width=\"528\" height=\"129\" src=\"https:\/\/nowcarsrent.it\/wp-content\/uploads\/2024\/08\/nowcarslogo.png\" class=\"attachment-full size-full wp-image-9090\" alt=\"\" srcset=\"https:\/\/nowcarsrent.it\/wp-content\/uploads\/2024\/08\/nowcarslogo.png 528w, https:\/\/nowcarsrent.it\/wp-content\/uploads\/2024\/08\/nowcarslogo-300x73.png 300w, https:\/\/nowcarsrent.it\/wp-content\/uploads\/2024\/08\/nowcarslogo-410x100.png 410w\" sizes=\"(max-width: 528px) 100vw, 528px\" \/>\t\t\t\t\t\t\t\t\t\t\t\t\t\t\t<\/div>\n\t\t\t\t<\/div>\n\t\t\t\t<div class=\"elementor-element elementor-element-78596b5 at-heading-animation at-animation-heading-style-3 elementor-widget elementor-widget-heading\" data-id=\"78596b5\" data-element_type=\"widget\" data-e-type=\"widget\" data-settings=\"{&quot;ekit_we_effect_on&quot;:&quot;none&quot;}\" data-widget_type=\"heading.default\">\n\t\t\t\t<div class=\"elementor-widget-container\">\n\t\t\t\t\t<h2 class=\"elementor-heading-title elementor-size-default\">Il vostro partner di fiducia per un noleggio auto affidabile<\/h2>\t\t\t\t<\/div>\n\t\t\t\t<\/div>\n\t\t\t\t<div class=\"elementor-element elementor-element-70b842d elementor-invisible elementor-widget elementor-widget-text-editor\" data-id=\"70b842d\" data-element_type=\"widget\" data-e-type=\"widget\" data-settings=\"{&quot;_animation&quot;:&quot;fadeInUp&quot;,&quot;_animation_delay&quot;:100,&quot;ekit_we_effect_on&quot;:&quot;none&quot;}\" data-widget_type=\"text-editor.default\">\n\t\t\t\t<div class=\"elementor-widget-container\">\n\t\t\t\t\t\t\t\t\t<p>Now Cars Rent si distingue nel settore del noleggio auto per la sua attenzione ai dettagli e l&#8217;impegno nel garantire soluzioni di mobilit\u00e0 su misura. Con sede a Bari Palese, la nostra azienda offre una flotta di veicoli moderni e perfettamente manutenuti, pensati per soddisfare ogni esigenza di guida. Affidarsi a noi significa scegliere un servizio rapido, trasparente e sempre orientato alla soddisfazione del cliente, perch\u00e9 la vostra esperienza di viaggio \u00e8 la nostra priorit\u00e0. Scegli Now Cars Rent per un noleggio sicuro e di qualit\u00e0.<\/p>\t\t\t\t\t\t\t\t<\/div>\n\t\t\t\t<\/div>\n\t\t\t\t<\/div>\n\t\t\t\t<\/div>\n\t\t<div class=\"elementor-element elementor-element-c72a1e5 e-con-full e-flex e-con e-child\" data-id=\"c72a1e5\" data-element_type=\"container\" data-e-type=\"container\" data-settings=\"{&quot;background_background&quot;:&quot;classic&quot;}\">\n\t\t<div class=\"elementor-element elementor-element-f9c14f8 e-con-full e-flex e-con e-child\" data-id=\"f9c14f8\" data-element_type=\"container\" data-e-type=\"container\">\n\t\t\t\t<div class=\"elementor-element elementor-element-e4507ab at-heading-animation at-animation-heading-style-3 elementor-widget elementor-widget-heading\" data-id=\"e4507ab\" data-element_type=\"widget\" data-e-type=\"widget\" data-settings=\"{&quot;ekit_we_effect_on&quot;:&quot;none&quot;}\" data-widget_type=\"heading.default\">\n\t\t\t\t<div class=\"elementor-widget-container\">\n\t\t\t\t\t<h2 class=\"elementor-heading-title elementor-size-default\">I nostri brand<\/h2>\t\t\t\t<\/div>\n\t\t\t\t<\/div>\n\t\t\t\t<\/div>\n\t\t<div class=\"elementor-element elementor-element-17563f2 e-con-full e-flex elementor-invisible e-con e-child\" data-id=\"17563f2\" data-element_type=\"container\" data-e-type=\"container\" data-settings=\"{&quot;background_background&quot;:&quot;classic&quot;,&quot;animation&quot;:&quot;fadeInUp&quot;}\">\n\t\t\t\t<div class=\"elementor-element elementor-element-10ce9b6 at-image-animation at-animation-image-none elementor-widget elementor-widget-image\" data-id=\"10ce9b6\" data-element_type=\"widget\" data-e-type=\"widget\" data-settings=\"{&quot;ekit_we_effect_on&quot;:&quot;none&quot;}\" data-widget_type=\"image.default\">\n\t\t\t\t<div class=\"elementor-widget-container\">\n\t\t\t\t\t\t\t\t\t\t\t\t\t\t\t<img decoding=\"async\" width=\"94\" height=\"50\" src=\"https:\/\/nowcarsrent.it\/wp-content\/uploads\/2025\/04\/fiat-b.png\" class=\"attachment-full size-full wp-image-9321\" alt=\"\" \/>\t\t\t\t\t\t\t\t\t\t\t\t\t\t\t<\/div>\n\t\t\t\t<\/div>\n\t\t\t\t<\/div>\n\t\t<div class=\"elementor-element elementor-element-eb3f913 e-con-full e-flex elementor-invisible e-con e-child\" data-id=\"eb3f913\" data-element_type=\"container\" data-e-type=\"container\" data-settings=\"{&quot;background_background&quot;:&quot;classic&quot;,&quot;animation&quot;:&quot;fadeInUp&quot;,&quot;animation_delay&quot;:200}\">\n\t\t\t\t<div class=\"elementor-element elementor-element-1439a0f at-image-animation at-animation-image-none elementor-widget elementor-widget-image\" data-id=\"1439a0f\" data-element_type=\"widget\" data-e-type=\"widget\" data-settings=\"{&quot;ekit_we_effect_on&quot;:&quot;none&quot;}\" data-widget_type=\"image.default\">\n\t\t\t\t<div class=\"elementor-widget-container\">\n\t\t\t\t\t\t\t\t\t\t\t\t\t\t\t<img decoding=\"async\" width=\"280\" height=\"50\" src=\"https:\/\/nowcarsrent.it\/wp-content\/uploads\/2025\/04\/toyota-b.png\" class=\"attachment-full size-full wp-image-9322\" alt=\"\" \/>\t\t\t\t\t\t\t\t\t\t\t\t\t\t\t<\/div>\n\t\t\t\t<\/div>\n\t\t\t\t<\/div>\n\t\t<div class=\"elementor-element elementor-element-9ed6d52 e-con-full e-flex elementor-invisible e-con e-child\" data-id=\"9ed6d52\" data-element_type=\"container\" data-e-type=\"container\" data-settings=\"{&quot;background_background&quot;:&quot;classic&quot;,&quot;animation&quot;:&quot;fadeInUp&quot;,&quot;animation_delay&quot;:300}\">\n\t\t\t\t<div class=\"elementor-element elementor-element-c849875 elementor-widget-mobile__width-inherit at-image-animation at-animation-image-none elementor-widget elementor-widget-image\" data-id=\"c849875\" data-element_type=\"widget\" data-e-type=\"widget\" data-settings=\"{&quot;ekit_we_effect_on&quot;:&quot;none&quot;}\" data-widget_type=\"image.default\">\n\t\t\t\t<div class=\"elementor-widget-container\">\n\t\t\t\t\t\t\t\t\t\t\t\t\t\t\t<img loading=\"lazy\" decoding=\"async\" width=\"280\" height=\"51\" src=\"https:\/\/nowcarsrent.it\/wp-content\/uploads\/2025\/04\/alfa-b.png\" class=\"attachment-full size-full wp-image-9320\" alt=\"\" \/>\t\t\t\t\t\t\t\t\t\t\t\t\t\t\t<\/div>\n\t\t\t\t<\/div>\n\t\t\t\t<\/div>\n\t\t\t\t<\/div>\n\t\t\t\t\t<\/div>\n\t\t\t\t<\/div>\n\t\t\t\t<\/div>\n\t\t\t\t<\/div>","protected":false},"excerpt":{"rendered":"<p>About Us Il vostro partner di fiducia per un noleggio auto affidabile [&hellip;]<\/p>\n","protected":false},"author":1,"featured_media":0,"parent":0,"menu_order":0,"comment_status":"closed","ping_status":"closed","template":"elementor_header_footer","meta":{"footnotes":""},"class_list":["post-776","page","type-page","status-publish","hentry"],"_links":{"self":[{"href":"https:\/\/nowcarsrent.it\/en\/wp-json\/wp\/v2\/pages\/776","targetHints":{"allow":["GET"]}}],"collection":[{"href":"https:\/\/nowcarsrent.it\/en\/wp-json\/wp\/v2\/pages"}],"about":[{"href":"https:\/\/nowcarsrent.it\/en\/wp-json\/wp\/v2\/types\/page"}],"author":[{"embeddable":true,"href":"https:\/\/nowcarsrent.it\/en\/wp-json\/wp\/v2\/users\/1"}],"replies":[{"embeddable":true,"href":"https:\/\/nowcarsrent.it\/en\/wp-json\/wp\/v2\/comments?post=776"}],"version-history":[{"count":11,"href":"https:\/\/nowcarsrent.it\/en\/wp-json\/wp\/v2\/pages\/776\/revisions"}],"predecessor-version":[{"id":9407,"href":"https:\/\/nowcarsrent.it\/en\/wp-json\/wp\/v2\/pages\/776\/revisions\/9407"}],"wp:attachment":[{"href":"https:\/\/nowcarsrent.it\/en\/wp-json\/wp\/v2\/media?parent=776"}],"curies":[{"name":"wp","href":"https:\/\/api.w.org\/{rel}","templated":true}]}}